{"id":428,"date":"2024-11-05T15:01:51","date_gmt":"2024-11-05T14:01:51","guid":{"rendered":"https:\/\/www.naturosouffle.com\/?page_id=428"},"modified":"2024-11-26T15:44:08","modified_gmt":"2024-11-26T14:44:08","slug":"stages-decouvertes","status":"publish","type":"page","link":"https:\/\/www.naturosouffle.com\/index.php\/stages-decouvertes\/","title":{"rendered":"Cours collectif"},"content":{"rendered":"<div id=\"pl-428\"  class=\"panel-layout\" ><div id=\"pg-428-0\"  class=\"panel-grid panel-has-style\" ><div class=\"siteorigin-panels-stretch panel-row-style panel-row-style-for-428-0\" data-stretch-type=\"full-width-stretch\" ><div id=\"pgc-428-0-0\"  class=\"panel-grid-cell\" ><div id=\"panel-428-0-0-0\" class=\"so-panel widget widget_sow-hero panel-first-child panel-last-child\" data-index=\"0\" ><div\n\t\t\t\n\t\t\tclass=\"so-widget-sow-hero so-widget-sow-hero-default-644633124745-428 so-widget-fittext-wrapper\"\n\t\t\t data-fit-text-compressor=\"0.85\"\n\t\t>\t\t\t\t<div class=\"sow-slider-base\" style=\"display: none\" tabindex=\"0\">\n\t\t\t\t\t<ul\n\t\t\t\t\tclass=\"sow-slider-images\"\n\t\t\t\t\tdata-settings=\"{&quot;pagination&quot;:true,&quot;speed&quot;:800,&quot;timeout&quot;:8000,&quot;paused&quot;:false,&quot;pause_on_hover&quot;:false,&quot;swipe&quot;:true,&quot;nav_always_show_desktop&quot;:&quot;&quot;,&quot;nav_always_show_mobile&quot;:&quot;&quot;,&quot;breakpoint&quot;:&quot;780px&quot;,&quot;unmute&quot;:false,&quot;anchor&quot;:null}\"\n\t\t\t\t\tstyle=\"min-height: 455px\"\t\t\t\t\tdata-anchor-id=\"\"\n\t\t\t\t>\t\t<li class=\"sow-slider-image  sow-slider-image-cover\" style=\"visibility: visible;;background-color: #333333\" >\n\t\t\t\t\t<div class=\"sow-slider-image-container\">\n\t\t\t<div class=\"sow-slider-image-wrapper\">\n\t\t\t\t<h1 style=\"text-align: center\">Envie de SOUFFLER, laisser vous INSPIREZ.<\/h1>\n\t\t\t<\/div>\n\t\t<\/div>\n\t\t<div class=\"sow-slider-image-overlay sow-slider-image-cover\" style=\"opacity: 0.6;background-image: url(https:\/\/www.naturosouffle.com\/wp-content\/uploads\/2024\/11\/Savasana-The-Relaxing-Yoga-Pose-For-Good-Health-scaled-2560x1280-1.jpeg)\"  ><\/div>\t\t<\/li>\n\t\t<\/ul>\t\t\t\t<ol class=\"sow-slider-pagination\">\n\t\t\t\t\t\t\t\t\t\t\t<li><a href=\"#\" data-goto=\"0\" aria-label=\"Display slide 1\"><\/a><\/li>\n\t\t\t\t\t\t\t\t\t<\/ol>\n\n\t\t\t\t<div class=\"sow-slide-nav sow-slide-nav-next\">\n\t\t\t\t\t<a href=\"#\" data-goto=\"next\" aria-label=\"Next slide\" data-action=\"next\">\n\t\t\t\t\t\t<em class=\"sow-sld-icon-thin-right\"><\/em>\n\t\t\t\t\t<\/a>\n\t\t\t\t<\/div>\n\n\t\t\t\t<div class=\"sow-slide-nav sow-slide-nav-prev\">\n\t\t\t\t\t<a href=\"#\" data-goto=\"previous\" aria-label=\"Previous slide\" data-action=\"prev\">\n\t\t\t\t\t\t<em class=\"sow-sld-icon-thin-left\"><\/em>\n\t\t\t\t\t<\/a>\n\t\t\t\t<\/div>\n\t\t\t\t<\/div><\/div><\/div><\/div><\/div><\/div><div id=\"pg-428-1\"  class=\"panel-grid panel-has-style\" ><div class=\"siteorigin-panels-stretch panel-row-style panel-row-style-for-428-1\" data-stretch-type=\"full\" ><div id=\"pgc-428-1-0\"  class=\"panel-grid-cell\" ><div id=\"panel-428-1-0-0\" class=\"so-panel widget widget_sow-headline panel-first-child\" data-index=\"1\" ><div\n\t\t\t\n\t\t\tclass=\"so-widget-sow-headline so-widget-sow-headline-default-d8af1c9de966-428\"\n\t\t\t\n\t\t><div class=\"sow-headline-container \">\n\t\t\t\t\t\t\t<h2 class=\"sow-headline\">\n\t\t\t\t\t\tRespirer c'est vital, MAIS bien respirer, c'est capital.\t\t\t\t\t\t<\/h2>\n\t\t\t\t\t\t<\/div>\n<\/div><\/div><div id=\"panel-428-1-0-1\" class=\"so-panel widget widget_sow-editor panel-last-child\" data-index=\"2\" ><div\n\t\t\t\n\t\t\tclass=\"so-widget-sow-editor so-widget-sow-editor-base\"\n\t\t\t\n\t\t>\n<div class=\"siteorigin-widget-tinymce textwidget\">\n\t<p style=\"text-align: left;\"><strong>Venez apprendre \u00e0 \u00ab mieux respirer \u00bb<\/strong>, 2 respirations serons abord\u00e9es durant 45 minutes, selon les th\u00e8mes de la s\u00e9ance, comme la r\u00e9duction du stress et de l\u2019anxi\u00e9t\u00e9, ou l\u2019am\u00e9lioration du sommeil, l\u2019\u00e9nergie et la clart\u00e9 mentale, l\u2019\u00e9quilibre \u00e9motionnel\u2026<br \/>\nMais aussi des respirations qui am\u00e9liorent l\u2019ouverture de la cage thoracique, la respiration ventrale et bien d\u2019autres encore.<br \/>\nDurant ces 45 minutes je vous guide dans l\u2019apprentissage de techniques simples mais puissantes, qui s\u2019int\u00e8grent facilement dans votre routine quotidienne, que vous soyez d\u00e9butant(e) ou en qu\u00eate de nouvelles pratiques.<\/p>\n<\/div>\n<\/div><\/div><\/div><\/div><\/div><\/div>","protected":false},"excerpt":{"rendered":"<p>Venez apprendre \u00e0 \u00ab mieux respirer \u00bb, 2 respirations serons abord\u00e9es durant 45 minutes, selon les th\u00e8mes de la s\u00e9ance, comme la r\u00e9duction du stress et de l\u2019anxi\u00e9t\u00e9, ou l\u2019am\u00e9lioration du sommeil, l\u2019\u00e9nergie et la clart\u00e9 mentale, l\u2019\u00e9quilibre \u00e9motionnel\u2026 Mais aussi des respirations qui am\u00e9liorent l\u2019ouverture de la cage thoracique, la respiration ventrale et bien<\/p>\n","protected":false},"author":1,"featured_media":0,"parent":0,"menu_order":0,"comment_status":"closed","ping_status":"closed","template":"","meta":{"footnotes":""},"class_list":["post-428","page","type-page","status-publish","hentry","post"],"_links":{"self":[{"href":"https:\/\/www.naturosouffle.com\/index.php\/wp-json\/wp\/v2\/pages\/428","targetHints":{"allow":["GET"]}}],"collection":[{"href":"https:\/\/www.naturosouffle.com\/index.php\/wp-json\/wp\/v2\/pages"}],"about":[{"href":"https:\/\/www.naturosouffle.com\/index.php\/wp-json\/wp\/v2\/types\/page"}],"author":[{"embeddable":true,"href":"https:\/\/www.naturosouffle.com\/index.php\/wp-json\/wp\/v2\/users\/1"}],"replies":[{"embeddable":true,"href":"https:\/\/www.naturosouffle.com\/index.php\/wp-json\/wp\/v2\/comments?post=428"}],"version-history":[{"count":16,"href":"https:\/\/www.naturosouffle.com\/index.php\/wp-json\/wp\/v2\/pages\/428\/revisions"}],"predecessor-version":[{"id":542,"href":"https:\/\/www.naturosouffle.com\/index.php\/wp-json\/wp\/v2\/pages\/428\/revisions\/542"}],"wp:attachment":[{"href":"https:\/\/www.naturosouffle.com\/index.php\/wp-json\/wp\/v2\/media?parent=428"}],"curies":[{"name":"wp","href":"https:\/\/api.w.org\/{rel}","templated":true}]}}