{"id":236,"date":"2024-10-09T17:30:57","date_gmt":"2024-10-09T15:30:57","guid":{"rendered":"https:\/\/www.naturosouffle.com\/?page_id=236"},"modified":"2024-12-05T18:12:47","modified_gmt":"2024-12-05T17:12:47","slug":"respirologie","status":"publish","type":"page","link":"https:\/\/www.naturosouffle.com\/index.php\/respirologie\/","title":{"rendered":""},"content":{"rendered":"<div id=\"pl-236\"  class=\"panel-layout\" ><div id=\"pg-236-0\"  class=\"panel-grid panel-has-style\" ><div class=\"siteorigin-panels-stretch panel-row-style panel-row-style-for-236-0\" data-stretch-type=\"full-width-stretch\" ><div id=\"pgc-236-0-0\"  class=\"panel-grid-cell\" ><div id=\"panel-236-0-0-0\" class=\"so-panel widget widget_sow-hero panel-first-child panel-last-child\" data-index=\"0\" ><div\n\t\t\t\n\t\t\tclass=\"so-widget-sow-hero so-widget-sow-hero-default-b4767aa0b3ee-236 so-widget-fittext-wrapper\"\n\t\t\t data-fit-text-compressor=\"0.85\"\n\t\t>\t\t\t\t<div class=\"sow-slider-base\" style=\"display: none\" tabindex=\"0\">\n\t\t\t\t\t<ul\n\t\t\t\t\tclass=\"sow-slider-images\"\n\t\t\t\t\tdata-settings=\"{&quot;pagination&quot;:true,&quot;speed&quot;:800,&quot;timeout&quot;:8000,&quot;paused&quot;:false,&quot;pause_on_hover&quot;:false,&quot;swipe&quot;:true,&quot;nav_always_show_desktop&quot;:&quot;&quot;,&quot;nav_always_show_mobile&quot;:&quot;&quot;,&quot;breakpoint&quot;:&quot;780px&quot;,&quot;unmute&quot;:false,&quot;anchor&quot;:null}\"\n\t\t\t\t\tstyle=\"min-height: 830px\"\t\t\t\t\tdata-anchor-id=\"\"\n\t\t\t\t>\t\t<li class=\"sow-slider-image  sow-slider-image-cover\" style=\"visibility: visible;;background-color: rgba(34,178,214,0.51)\" >\n\t\t\t\t\t<div class=\"sow-slider-image-container\">\n\t\t\t<div class=\"sow-slider-image-wrapper\">\n\t\t\t\t<h1 style=\"text-align: center\">La Respiration<\/h1>\n<h5 style=\"text-align: center\"><i>\"La respiration, bien que souvent sous-estim\u00e9e, est un pilier fondamental de notre sant\u00e9.<\/i><\/h5>\n<div class=\"sow-hero-buttons\" style=\"text-align: center\"><div\n\t\t\t\n\t\t\tclass=\"so-widget-sow-button so-widget-sow-button-flat-b2ecc71ced26\"\n\t\t\t\n\t\t><div class=\"ow-button-base ow-button-align-center\"\n>\n\t\t\t<a\n\t\t\t\t\thref=\"https:\/\/www.naturosouffle.com\/index.php\/contact\/\"\n\t\t\t\t\tclass=\"sowb-button ow-icon-placement-left ow-button-hover\" target=\"_blank\" rel=\"noopener noreferrer\" \t>\n\t\t<span>\n\t\t\t\n\t\t\tR\u00e9servez votre s\u00e9ance !\t\t<\/span>\n\t\t\t<\/a>\n\t<\/div>\n<\/div><\/div>\t\t\t<\/div>\n\t\t<\/div>\n\t\t<div class=\"sow-slider-image-overlay sow-slider-image-cover\" style=\"opacity: 0.43;background-image: url(https:\/\/www.naturosouffle.com\/wp-content\/uploads\/2024\/10\/shutterstock_246277042-768x475-1.jpg)\"  ><\/div>\t\t<\/li>\n\t\t<\/ul>\t\t\t\t<ol class=\"sow-slider-pagination\">\n\t\t\t\t\t\t\t\t\t\t\t<li><a href=\"#\" data-goto=\"0\" aria-label=\"Display slide 1\"><\/a><\/li>\n\t\t\t\t\t\t\t\t\t<\/ol>\n\n\t\t\t\t<div class=\"sow-slide-nav sow-slide-nav-next\">\n\t\t\t\t\t<a href=\"#\" data-goto=\"next\" aria-label=\"Next slide\" data-action=\"next\">\n\t\t\t\t\t\t<em class=\"sow-sld-icon-thin-right\"><\/em>\n\t\t\t\t\t<\/a>\n\t\t\t\t<\/div>\n\n\t\t\t\t<div class=\"sow-slide-nav sow-slide-nav-prev\">\n\t\t\t\t\t<a href=\"#\" data-goto=\"previous\" aria-label=\"Previous slide\" data-action=\"prev\">\n\t\t\t\t\t\t<em class=\"sow-sld-icon-thin-left\"><\/em>\n\t\t\t\t\t<\/a>\n\t\t\t\t<\/div>\n\t\t\t\t<\/div><\/div><\/div><\/div><\/div><\/div><div id=\"pg-236-1\"  class=\"panel-grid panel-has-style\" ><div class=\"panel-row-style panel-row-style-for-236-1\" ><div id=\"pgc-236-1-0\"  class=\"panel-grid-cell\" ><div id=\"panel-236-1-0-0\" class=\"so-panel widget widget_sow-headline panel-first-child\" data-index=\"1\" ><div\n\t\t\t\n\t\t\tclass=\"so-widget-sow-headline so-widget-sow-headline-default-d7ca26704eb1-236 so-widget-fittext-wrapper\"\n\t\t\t data-fit-text-compressor=\"0.85\"\n\t\t><div class=\"sow-headline-container \">\n\t\t\t\t\t\t\t<h2 class=\"sow-headline\">\n\t\t\t\t\t\tElle est souvent consid\u00e9r\u00e9e comme une action automatique, mais la mani\u00e8re dont nous respirons peut avoir un impact profond sur notre sant\u00e9 physique et mentale. Il existe plusieurs techniques de respiration, chacune ayant des bienfaits sp\u00e9cifiques. \t\t\t\t\t\t<\/h2>\n\t\t\t\t\t\t<\/div>\n<\/div><\/div><div id=\"panel-236-1-0-1\" class=\"so-panel widget widget_sow-editor\" data-index=\"2\" ><div\n\t\t\t\n\t\t\tclass=\"so-widget-sow-editor so-widget-sow-editor-base\"\n\t\t\t\n\t\t>\n<div class=\"siteorigin-widget-tinymce textwidget\">\n\t<p style=\"text-align: center;\">La respiration influence directement notre syst\u00e8me nerveux :<\/p>\n<p style=\"text-align: center;\">R\u00e9duit le <strong>stress<\/strong><\/p>\n<p style=\"text-align: center;\">Am\u00e9liore la <strong>concentration<\/strong><\/p>\n<p style=\"text-align: center;\">R\u00e9duit la <strong>tension art\u00e9rielle<\/strong><\/p>\n<p style=\"text-align: center;\">G\u00e8re les <strong>\u00e9motions<\/strong><\/p>\n<p style=\"text-align: center;\">Renforce le <strong>syst\u00e8me immunitaire<\/strong><\/p>\n<p style=\"text-align: center;\">Am\u00e9liore grandement la <strong>qualit\u00e9 du sommeil<\/strong><\/p>\n<p style=\"text-align: center;\">Diminue consid\u00e9rablement les <strong>douleurs<\/strong><\/p>\n<p style=\"text-align: center;\">Augmente notre <strong>\u00e9nergie<\/strong><\/p>\n<p style=\"text-align: center;\">Renforce la <strong>posture<\/strong><\/p>\n<p style=\"text-align: center;\">Et tant d'autres <strong>biens faits<\/strong>.<\/p>\n<h5 style=\"text-align: center;\"><strong>Il existe plusieurs m\u00e9thodes de respiration, chacune ayant des objectifs et des bienfaits sp\u00e9cifiques.\u00a0<\/strong><\/h5>\n<h4 style=\"text-align: center;\"><strong>Voici quelques exemples que je pratique avec mes patients :<\/strong><\/h4>\n<\/div>\n<\/div><\/div><div id=\"panel-236-1-0-2\" class=\"so-panel widget widget_sow-features panel-last-child\" data-index=\"3\" ><div\n\t\t\t\n\t\t\tclass=\"so-widget-sow-features so-widget-sow-features-default-a96fd94b0ad4-236\"\n\t\t\t\n\t\t><ul\n\tclass=\"sow-features-list\n\tsow-features-responsive\">\n\n\t\t\t<li\n\t\t\tclass=\"sow-features-feature sow-icon-container-position-top\"\n\t\t\tstyle=\"display: flex; flex-direction: column; width: calc(50% - 25px);\"\n\t\t>\n\t\t\t\n\t\t\t\t\t\t<div\t\t\t\tclass=\"sow-icon-container sow-container-round\"\n\t\t\t\tstyle=\"color: #59bbc6; \"\n\t\t\t\t\n\t\t\t\t\t\t\t>\n\t\t\t\t<span class=\"sow-icon-fontawesome sow-fas\" data-sow-icon=\"&#xf004;\"\n\t\tstyle=\"font-size: 50px; color: #FFFFFF\" \n\t\taria-hidden=\"true\"><\/span>\t\t\t<\/div>\n\n\t\t\t<div class=\"textwidget\">\n\t\t\t\t\n\t\t\t\t\t\t\t\t\t<h5 class=\"sow-features-feature-title\">\n\t\t\t\t\t\tLa Respiration Diaphragmatique : \t\t\t\t\t<\/h5>\n\t\t\t\t\n\t\t\t\t\t\t\t\t\t<div class=\"sow-features-feature-text\">\n\t\t\t\t\t<p style=\"text-align: center\">Aussi appel\u00e9e respiration abdominale, elle consiste \u00e0 respirer profond\u00e9ment en utilisant le diaphragme plut\u00f4t que la poitrine. Cette technique permet de maximiser l\u2019apport d\u2019oxyg\u00e8ne, r\u00e9duisant ainsi le stress et am\u00e9liorant la digestion. Elle est particuli\u00e8rement utile pour calmer le syst\u00e8me nerveux et favoriser un \u00e9tat de relaxation.<\/p>\n\t\t\t\t\t<\/div>\n\t\t\t\t\t\t\t\t<\/div>\n\t\t\t\t\t\t\t\t<\/li>\n\n\t\t\t<li\n\t\t\tclass=\"sow-features-feature sow-icon-container-position-top\"\n\t\t\tstyle=\"display: flex; flex-direction: column; width: calc(50% - 25px);\"\n\t\t>\n\t\t\t\n\t\t\t\t\t\t<div\t\t\t\tclass=\"sow-icon-container sow-container-round\"\n\t\t\t\tstyle=\"color: #59bbc6; \"\n\t\t\t\t\n\t\t\t\t\t\t\t>\n\t\t\t\t<span class=\"sow-icon-fontawesome sow-fas\" data-sow-icon=\"&#xf06c;\"\n\t\tstyle=\"font-size: 50px; color: #FFFFFF\" \n\t\taria-hidden=\"true\"><\/span>\t\t\t<\/div>\n\n\t\t\t<div class=\"textwidget\">\n\t\t\t\t\n\t\t\t\t\t\t\t\t\t<h5 class=\"sow-features-feature-title\">\n\t\t\t\t\t\tLa Respiration Altern\u00e9e (Nadi Shodhana) :\t\t\t\t\t<\/h5>\n\t\t\t\t\n\t\t\t\t\t\t\t\t\t<div class=\"sow-features-feature-text\">\n\t\t\t\t\t<p style=\"text-align: center\">Issue du yoga, cette technique consiste \u00e0 respirer alternativement par chaque narine, ce qui \u00e9quilibre les h\u00e9misph\u00e8res du cerveau. Elle est utilis\u00e9e pour am\u00e9liorer la concentration, r\u00e9duire le stress, et harmoniser l\u2019\u00e9nergie vitale du corps.<\/p>\n<p>&nbsp;<\/p>\n\t\t\t\t\t<\/div>\n\t\t\t\t\t\t\t\t<\/div>\n\t\t\t\t\t\t\t\t<\/li>\n\n\t\t\t<li\n\t\t\tclass=\"sow-features-feature sow-icon-container-position-top\"\n\t\t\tstyle=\"display: flex; flex-direction: column; width: calc(50% - 25px);\"\n\t\t>\n\t\t\t\n\t\t\t\t\t\t<div\t\t\t\tclass=\"sow-icon-container sow-container-round\"\n\t\t\t\tstyle=\"color: #59bbc6; \"\n\t\t\t\t\n\t\t\t\t\t\t\t>\n\t\t\t\t<span class=\"sow-icon-fontawesome sow-fas\" data-sow-icon=\"&#xf0f1;\"\n\t\tstyle=\"font-size: 50px; color: #FFFFFF\" \n\t\taria-hidden=\"true\"><\/span>\t\t\t<\/div>\n\n\t\t\t<div class=\"textwidget\">\n\t\t\t\t\n\t\t\t\t\t\t\t\t\t<h5 class=\"sow-features-feature-title\">\n\t\t\t\t\t\tLa Respiration Carr\u00e9e (Box Breathing) :\t\t\t\t\t<\/h5>\n\t\t\t\t\n\t\t\t\t\t\t\t\t\t<div class=\"sow-features-feature-text\">\n\t\t\t\t\t<p style=\"text-align: center\">Cette m\u00e9thode, souvent utilis\u00e9e par les athl\u00e8tes et les professionnels soumis \u00e0 un stress intense, consiste \u00e0 inhaler, retenir, expirer, et retenir la respiration \u00e0 intervalles \u00e9gaux. Elle aide \u00e0 stabiliser la fr\u00e9quence cardiaque, am\u00e9liorer la concentration, et g\u00e9rer les situations de stress aigu.<\/p>\n\t\t\t\t\t<\/div>\n\t\t\t\t\t\t\t\t<\/div>\n\t\t\t\t\t\t\t\t<\/li>\n\n\t\t\t<li\n\t\t\tclass=\"sow-features-feature sow-icon-container-position-top\"\n\t\t\tstyle=\"display: flex; flex-direction: column; width: calc(50% - 25px);\"\n\t\t>\n\t\t\t\n\t\t\t\t\t\t<div\t\t\t\tclass=\"sow-icon-container sow-container-round\"\n\t\t\t\tstyle=\"color: #59bbc6; \"\n\t\t\t\t\n\t\t\t\t\t\t\t>\n\t\t\t\t<span class=\"sow-icon-fontawesome sow-fas\" data-sow-icon=\"&#xf21e;\"\n\t\tstyle=\"font-size: 50px; color: #fff\" \n\t\taria-hidden=\"true\"><\/span>\t\t\t<\/div>\n\n\t\t\t<div class=\"textwidget\">\n\t\t\t\t\n\t\t\t\t\t\t\t\t\t<h5 class=\"sow-features-feature-title\">\n\t\t\t\t\t\tLa M\u00e9thode Buteyko pour les Asthmatiques, les BPCO...\t\t\t\t\t<\/h5>\n\t\t\t\t\n\t\t\t\t\t\t\t\t\t<div class=\"sow-features-feature-text\">\n\t\t\t\t\t<p style=\"text-align: center\">La m\u00e9thode Buteyko, d\u00e9velopp\u00e9e par le m\u00e9decin Konstantin Buteyko, est une technique de respiration particuli\u00e8rement efficace pour les personnes souffrant d\u2019asthme. Bas\u00e9e sur l\u2019id\u00e9e que de nombreuses maladies respiratoires, sont exacerb\u00e9es par une respiration excessive, ou hyperventilation chronique. L\u2019hyperventilation r\u00e9duit le niveau de dioxyde de carbone dans le sang, ce qui provoque un r\u00e9tr\u00e9cissement des voies respiratoires et une diminution de l\u2019oxyg\u00e9nation des tissus.<\/p>\n<p>&nbsp;<\/p>\n\t\t\t\t\t<\/div>\n\t\t\t\t\t\t\t\t<\/div>\n\t\t\t\t\t\t\t\t<\/li>\n\n\t<\/ul>\n<\/div><\/div><\/div><\/div><\/div><div id=\"pg-236-2\"  class=\"panel-grid panel-has-style\" ><div class=\"siteorigin-panels-stretch panel-row-style panel-row-style-for-236-2\" data-stretch-type=\"full\" ><div id=\"pgc-236-2-0\"  class=\"panel-grid-cell\" ><div id=\"panel-236-2-0-0\" class=\"so-panel widget widget_sow-hero panel-first-child panel-last-child\" data-index=\"4\" ><div\n\t\t\t\n\t\t\tclass=\"so-widget-sow-hero so-widget-sow-hero-default-e5bdef79bed0-236 so-widget-fittext-wrapper\"\n\t\t\t data-fit-text-compressor=\"0.85\"\n\t\t>\t\t\t\t<div class=\"sow-slider-base\" style=\"display: none\" tabindex=\"0\">\n\t\t\t\t\t<ul\n\t\t\t\t\tclass=\"sow-slider-images\"\n\t\t\t\t\tdata-settings=\"{&quot;pagination&quot;:true,&quot;speed&quot;:800,&quot;timeout&quot;:8000,&quot;paused&quot;:true,&quot;pause_on_hover&quot;:false,&quot;swipe&quot;:true,&quot;nav_always_show_desktop&quot;:&quot;&quot;,&quot;nav_always_show_mobile&quot;:&quot;&quot;,&quot;breakpoint&quot;:&quot;780px&quot;,&quot;unmute&quot;:false,&quot;anchor&quot;:null}\"\n\t\t\t\t\t\t\t\t\t\tdata-anchor-id=\"\"\n\t\t\t\t>\t\t<li class=\"sow-slider-image\" style=\"visibility: visible;\" >\n\t\t\t\t\t<div class=\"sow-slider-image-container\">\n\t\t\t<div class=\"sow-slider-image-wrapper\">\n\t\t\t\t<h2 style=\"text-align: center\"><span style=\"color: #333333\"><em>Le souffle ce n'est pas seulement de l'air qui va et vient, mais comment il va et vient. \nM\u00e9caniquement par ou, quand, \u00e0 quel rythme, pourquoi... \"<\/em><\/span><\/h2>\n<p style=\"text-align: center\"><span style=\"color: #333333\"><\/span><\/p>\t\t\t<\/div>\n\t\t<\/div>\n\t\t\t\t<\/li>\n\t\t<\/ul>\t\t\t\t<ol class=\"sow-slider-pagination\">\n\t\t\t\t\t\t\t\t\t\t\t<li><a href=\"#\" data-goto=\"0\" aria-label=\"Display slide 1\"><\/a><\/li>\n\t\t\t\t\t\t\t\t\t<\/ol>\n\n\t\t\t\t<div class=\"sow-slide-nav sow-slide-nav-next\">\n\t\t\t\t\t<a href=\"#\" data-goto=\"next\" aria-label=\"Next slide\" data-action=\"next\">\n\t\t\t\t\t\t<em class=\"sow-sld-icon-thin-right\"><\/em>\n\t\t\t\t\t<\/a>\n\t\t\t\t<\/div>\n\n\t\t\t\t<div class=\"sow-slide-nav sow-slide-nav-prev\">\n\t\t\t\t\t<a href=\"#\" data-goto=\"previous\" aria-label=\"Previous slide\" data-action=\"prev\">\n\t\t\t\t\t\t<em class=\"sow-sld-icon-thin-left\"><\/em>\n\t\t\t\t\t<\/a>\n\t\t\t\t<\/div>\n\t\t\t\t<\/div><\/div><\/div><\/div><\/div><\/div><\/div>","protected":false},"excerpt":{"rendered":"<p>La respiration influence directement notre syst\u00e8me nerveux : R\u00e9duit le stress Am\u00e9liore la concentration R\u00e9duit la tension art\u00e9rielle G\u00e8re les \u00e9motions Renforce le syst\u00e8me immunitaire Am\u00e9liore grandement la qualit\u00e9 du sommeil Diminue consid\u00e9rablement les douleurs Augmente notre \u00e9nergie Renforce la posture Et tant d&rsquo;autres biens faits. Il existe plusieurs m\u00e9thodes de respiration, chacune ayant des<\/p>\n","protected":false},"author":1,"featured_media":0,"parent":0,"menu_order":0,"comment_status":"closed","ping_status":"closed","template":"","meta":{"footnotes":""},"class_list":["post-236","page","type-page","status-publish","hentry","post"],"_links":{"self":[{"href":"https:\/\/www.naturosouffle.com\/index.php\/wp-json\/wp\/v2\/pages\/236","targetHints":{"allow":["GET"]}}],"collection":[{"href":"https:\/\/www.naturosouffle.com\/index.php\/wp-json\/wp\/v2\/pages"}],"about":[{"href":"https:\/\/www.naturosouffle.com\/index.php\/wp-json\/wp\/v2\/types\/page"}],"author":[{"embeddable":true,"href":"https:\/\/www.naturosouffle.com\/index.php\/wp-json\/wp\/v2\/users\/1"}],"replies":[{"embeddable":true,"href":"https:\/\/www.naturosouffle.com\/index.php\/wp-json\/wp\/v2\/comments?post=236"}],"version-history":[{"count":28,"href":"https:\/\/www.naturosouffle.com\/index.php\/wp-json\/wp\/v2\/pages\/236\/revisions"}],"predecessor-version":[{"id":654,"href":"https:\/\/www.naturosouffle.com\/index.php\/wp-json\/wp\/v2\/pages\/236\/revisions\/654"}],"wp:attachment":[{"href":"https:\/\/www.naturosouffle.com\/index.php\/wp-json\/wp\/v2\/media?parent=236"}],"curies":[{"name":"wp","href":"https:\/\/api.w.org\/{rel}","templated":true}]}}