{"id":2,"date":"2024-08-28T14:53:42","date_gmt":"2024-08-28T12:53:42","guid":{"rendered":"http:\/\/www.naturosouffle.com\/?page_id=2"},"modified":"2026-03-19T15:19:01","modified_gmt":"2026-03-19T14:19:01","slug":"mon-histoire","status":"publish","type":"page","link":"https:\/\/www.naturosouffle.com\/index.php\/mon-histoire\/","title":{"rendered":""},"content":{"rendered":"<div id=\"pl-gb2-69e74fd3717ac\"  class=\"panel-layout\" ><div id=\"pg-gb2-69e74fd3717ac-0\"  class=\"panel-grid panel-has-style\" ><div class=\"siteorigin-panels-stretch panel-row-style panel-row-style-for-gb2-69e74fd3717ac-0\" data-stretch-type=\"full-width-stretch\" ><div id=\"pgc-gb2-69e74fd3717ac-0-0\"  class=\"panel-grid-cell\" ><div id=\"panel-gb2-69e74fd3717ac-0-0-0\" class=\"so-panel widget widget_sow-hero panel-first-child panel-last-child\" data-index=\"0\" ><div\n\t\t\t\n\t\t\tclass=\"so-widget-sow-hero so-widget-sow-hero-default-6c7132377d72-2 so-widget-fittext-wrapper\"\n\t\t\t data-fit-text-compressor=\"0.85\"\n\t\t>\t\t\t\t<div class=\"sow-slider-base\" style=\"display: none\" tabindex=\"0\">\n\t\t\t\t\t<ul\n\t\t\t\t\tclass=\"sow-slider-images\"\n\t\t\t\t\tdata-settings=\"{&quot;pagination&quot;:true,&quot;speed&quot;:800,&quot;timeout&quot;:8000,&quot;paused&quot;:false,&quot;pause_on_hover&quot;:false,&quot;swipe&quot;:true,&quot;nav_always_show_desktop&quot;:&quot;&quot;,&quot;nav_always_show_mobile&quot;:&quot;&quot;,&quot;breakpoint&quot;:&quot;780px&quot;,&quot;unmute&quot;:false,&quot;anchor&quot;:null}\"\n\t\t\t\t\tstyle=\"min-height: 455px\"\t\t\t\t\tdata-anchor-id=\"\"\n\t\t\t\t>\t\t<li class=\"sow-slider-image  sow-slider-image-cover\" style=\"visibility: visible;;background-color: #ffffff\" >\n\t\t\t\t\t<div class=\"sow-slider-image-container\">\n\t\t\t<div class=\"sow-slider-image-wrapper\">\n\t\t\t\t<h1 style=\"text-align: center\">Qui suis-je?<\/h1>\n\t\t\t<\/div>\n\t\t<\/div>\n\t\t<div class=\"sow-slider-image-overlay sow-slider-image-cover\" style=\"opacity: 0.6;background-image: url(https:\/\/www.naturosouffle.com\/wp-content\/uploads\/2024\/11\/image-cleine-dos-ok.png)\"  ><\/div>\t\t<\/li>\n\t\t<\/ul>\t\t\t\t<ol class=\"sow-slider-pagination\">\n\t\t\t\t\t\t\t\t\t\t\t<li><a href=\"#\" data-goto=\"0\" aria-label=\"Display slide 1\"><\/a><\/li>\n\t\t\t\t\t\t\t\t\t<\/ol>\n\n\t\t\t\t<div class=\"sow-slide-nav sow-slide-nav-next\">\n\t\t\t\t\t<a href=\"#\" data-goto=\"next\" aria-label=\"Next slide\" data-action=\"next\">\n\t\t\t\t\t\t<em class=\"sow-sld-icon-thin-right\"><\/em>\n\t\t\t\t\t<\/a>\n\t\t\t\t<\/div>\n\n\t\t\t\t<div class=\"sow-slide-nav sow-slide-nav-prev\">\n\t\t\t\t\t<a href=\"#\" data-goto=\"previous\" aria-label=\"Previous slide\" data-action=\"prev\">\n\t\t\t\t\t\t<em class=\"sow-sld-icon-thin-left\"><\/em>\n\t\t\t\t\t<\/a>\n\t\t\t\t<\/div>\n\t\t\t\t<\/div><\/div><\/div><\/div><\/div><\/div><div id=\"pg-gb2-69e74fd3717ac-1\"  class=\"panel-grid panel-has-style\" ><div class=\"siteorigin-panels-stretch panel-row-style panel-row-style-for-gb2-69e74fd3717ac-1\" data-stretch-type=\"full\" ><div id=\"pgc-gb2-69e74fd3717ac-1-0\"  class=\"panel-grid-cell\" ><div id=\"panel-gb2-69e74fd3717ac-1-0-0\" class=\"so-panel widget widget_sow-headline panel-first-child\" data-index=\"1\" ><div\n\t\t\t\n\t\t\tclass=\"so-widget-sow-headline so-widget-sow-headline-default-fd8089e596c6-2\"\n\t\t\t\n\t\t><div class=\"sow-headline-container \">\n\t<\/div>\n<\/div><\/div><div id=\"panel-gb2-69e74fd3717ac-1-0-1\" class=\"so-panel widget widget_sow-editor\" data-index=\"2\" ><div\n\t\t\t\n\t\t\tclass=\"so-widget-sow-editor so-widget-sow-editor-base\"\n\t\t\t\n\t\t>\n<div class=\"siteorigin-widget-tinymce textwidget\">\n\t<p style=\"text-align: left;\">Comme beaucoup d\u2019entre nous, c\u2019est souvent \u00e0 la suite d\u2019une maladie ou de probl\u00e8mes \u00e9motionnels que l\u2019on d\u00e9cide de changer radicalement de mode de vie.<br \/>\n<strong>Pour moi, ce changement s\u2019est produit \u00e0 45 ans.<\/strong><br \/>\nApr\u00e8s une longue ann\u00e9e d\u2019errance m\u00e9dicale, j\u2019ai explor\u00e9 toutes les solutions possibles pour<strong> aller mieux.<\/strong><br \/>\nJ\u2019ai alors choisi d\u2019\u00e9couter pleinement les messages de mon corps et de me faire confiance.<br \/>\nCertaines personnes se tournent vers le sport, la m\u00e9ditation, la musique ou la danse\u2026<br \/>\nPour ma part, j\u2019ai choisi la naturopathie, puis, plus tard la respiration.<br \/>\nCes deux disciplines m\u2019ont permis de retrouver l\u2019<strong>\u00e9quilibre et la vitalit\u00e9<\/strong>, des \u00e9l\u00e9ments cl\u00e9s sur le chemin de ma <strong>gu\u00e9rison.<\/strong><br \/>\nL\u2019alliance entre la naturopathie et la respiration est, selon moi, fondamentale.<\/p>\n<p style=\"text-align: left;\">En 2020, j\u2019ai obtenu mon dipl\u00f4me de <strong>Praticienne en naturopathie.\u00a0 \u00a0 \u00a0 \u00a0 \u00a0 \u00a0 \u00a0 \u00a0 \u00a0 \u00a0 \u00a0 \u00a0 \u00a0 \u00a0 \u00a0 \u00a0 \u00a0 \u00a0 \u00a0 \u00a0 \u00a0 \u00a0 \u00a0 \u00a0 \u00a0 \u00a0 \u00a0 \u00a0 \u00a0 \u00a0 \u00a0 \u00a0 \u00a0 \u00a0 \u00a0 \u00a0 \u00a0 \u00a0 \u00a0 \u00a0 \u00a0 \u00a0 \u00a0 \u00a0 \u00a0 \u00a0 \u00a0 \u00a0 \u00a0 \u00a0 \u00a0 \u00a0 \u00a0 \u00a0 \u00a0 \u00a0 \u00a0 \u00a0 \u00a0 \u00a0 \u00a0 \u00a0 \u00a0 \u00a0 \u00a0 \u00a0 \u00a0 \u00a0 \u00a0 \u00a0 \u00a0 \u00a0 \u00a0 <\/strong><em>(\u00e9cole\u00a0: MF\/CMA \u2013 Paris)<\/em><br \/>\n<em>Puis, en 2024, j\u2019ai \u00e9t\u00e9 dipl\u00f4m\u00e9 <strong>Professeure de respiration.<\/strong><\/em><br \/>\n<em>(\u00c9COLE \/ Breathing Academy \u2013 Annecy)<\/em><\/p>\n<p>Initiatrice en respiration\u00a0 \u00a0 \u00a0 \u00a0 \u00a0 \u00a0 \u00a0 \u00a0 \u00a0 \u00a0 \u00a0 \u00a0 \u00a0 \u00a0 \u00a0 \u00a0 \u00a0 \u00a0 \u00a0 \u00a0 \u00a0 \u00a0 \u00a0 \u00a0 \u00a0 \u00a0 \u00a0 \u00a0 \u00a0 \u00a0 \u00a0 \u00a0 \u00a0 \u00a0 \u00a0 \u00a0 \u00a0 \u00a0 \u00a0 \u00a0 \u00a0 \u00a0 \u00a0 \u00a0 \u00a0 \u00a0 \u00a0 \u00a0 \u00a0 \u00a0 \u00a0 \u00a0 \u00a0 \u00a0 \u00a0 \u00a0 \u00a0 \u00a0 \u00a0 \u00a0 \u00a0 \u00a0 \u00a0 \u00a0 \u00a0 \u00a0 \u00a0 \u00a0 \u00a0 \u00a0 \u00a0 \u00a0 \u00a0 \u00a0 \u00a0 \u00a0 \u00a0 \u00a0 \u00a0 \u00a0 \u00a0 \u00a0 \u00a0 \u00a0 \u00a0 \u00a0 \u00a0 \u00a0 \u00a0 \u00a0 \u00a0 \u00a0 \u00a0 \u00a0 \u00a0 \u00a0 \u00a0 \u00a0 \u00a0 \u00a0 \u00a0 \u00a0 \u00a0 \u00a0 \u00a0 \u00a0 \u00a0 \u00a0 \u00a0 \u00a0 \u00a0 \u00a0 \u00a0 \u00a0 \u00a0 \u00a0 \u00a0 \u00a0 Ecole Coach-respiration\u00a0 \u00a0 \u00a0 \u00a0 \u00a0 \u00a0 \u00a0 \u00a0 \u00a0 \u00a0 \u00a0 \u00a0 \u00a0 \u00a0 \u00a0 \u00a0 \u00a0 \u00a0 \u00a0 \u00a0 \u00a0 \u00a0 \u00a0 \u00a0 \u00a0 \u00a0 \u00a0 \u00a0 \u00a0 \u00a0 \u00a0 \u00a0 \u00a0 \u00a0 \u00a0 \u00a0 \u00a0 \u00a0 \u00a0 \u00a0 \u00a0 \u00a0 \u00a0 \u00a0 \u00a0 \u00a0 \u00a0 \u00a0 \u00a0 \u00a0 \u00a0 \u00a0 \u00a0 \u00a0 \u00a0 \u00a0 \u00a0 \u00a0 \u00a0 \u00a0 \u00a0 \u00a0 \u00a0 \u00a0 \u00a0 \u00a0 \u00a0 \u00a0 \u00a0 \u00a0 \u00a0 \u00a0 \u00a0 \u00a0 \u00a0 \u00a0 \u00a0 \u00a0 \u00a0 \u00a0 \u00a0 \u00a0 \u00a0 \u00a0 \u00a0 \u00a0 \u00a0 \u00a0 \u00a0 \u00a0 \u00a0 \u00a0 \u00a0 \u00a0 \u00a0 \u00a0 \u00a0 \u00a0 \u00a0 \u00a0 \u00a0 \u00a0 \u00a0 \u00a0 \u00a0 \u00a0 \u00a0 \u00a0 \u00a0 \u00a0 \u00a0 \u00a0 \u00a0 \u00a0 \u00a0 \u00a0 \u00a0 \u00a0 Novembre 2025<\/p>\n<\/div>\n<\/div><\/div><div id=\"panel-gb2-69e74fd3717ac-1-0-2\" class=\"so-panel widget widget_sow-editor panel-last-child\" data-index=\"3\" ><div\n\t\t\t\n\t\t\tclass=\"so-widget-sow-editor so-widget-sow-editor-base\"\n\t\t\t\n\t\t>\n<div class=\"siteorigin-widget-tinymce textwidget\">\n\t<p>En venant \u00e0 mon cabinet cela vous permet de vous reconnecter avec vous-m\u00eames, de faire une pause dans votre quotidien, et de vous concentrer pleinement sur <strong>votre sant\u00e9.<\/strong><\/p>\n<p>En tant que praticienne exp\u00e9riment\u00e9e dans 2 domaines, la <strong>Naturopathie et la Respiration<\/strong>, \u00a0je vous propose mes services, en prenant en compte vos besoins sp\u00e9cifiques, votre histoire, votre mode de vie, et vos objectifs de sant\u00e9.<\/p>\n<p>Ce que mes patients trouvent en venant me consulter : <strong>un accompagnement sur-mesure qui prend en compte l\u2019ensemble de votre \u00eatre.<\/strong><\/p>\n<\/div>\n<\/div><\/div><\/div><\/div><\/div><\/div>\n\n\n<p><\/p>\n","protected":false},"excerpt":{"rendered":"<p>Comme beaucoup d\u2019entre nous, c\u2019est souvent \u00e0 la suite d\u2019une maladie ou de probl\u00e8mes \u00e9motionnels que l\u2019on d\u00e9cide de changer radicalement de mode de vie. Pour moi, ce changement s\u2019est produit \u00e0 45 ans. Apr\u00e8s une longue ann\u00e9e d\u2019errance m\u00e9dicale, j\u2019ai explor\u00e9 toutes les solutions possibles pour aller mieux. J\u2019ai alors choisi d\u2019\u00e9couter pleinement les<\/p>\n","protected":false},"author":1,"featured_media":0,"parent":0,"menu_order":0,"comment_status":"closed","ping_status":"closed","template":"","meta":{"footnotes":""},"class_list":["post-2","page","type-page","status-publish","hentry","post"],"_links":{"self":[{"href":"https:\/\/www.naturosouffle.com\/index.php\/wp-json\/wp\/v2\/pages\/2","targetHints":{"allow":["GET"]}}],"collection":[{"href":"https:\/\/www.naturosouffle.com\/index.php\/wp-json\/wp\/v2\/pages"}],"about":[{"href":"https:\/\/www.naturosouffle.com\/index.php\/wp-json\/wp\/v2\/types\/page"}],"author":[{"embeddable":true,"href":"https:\/\/www.naturosouffle.com\/index.php\/wp-json\/wp\/v2\/users\/1"}],"replies":[{"embeddable":true,"href":"https:\/\/www.naturosouffle.com\/index.php\/wp-json\/wp\/v2\/comments?post=2"}],"version-history":[{"count":49,"href":"https:\/\/www.naturosouffle.com\/index.php\/wp-json\/wp\/v2\/pages\/2\/revisions"}],"predecessor-version":[{"id":770,"href":"https:\/\/www.naturosouffle.com\/index.php\/wp-json\/wp\/v2\/pages\/2\/revisions\/770"}],"wp:attachment":[{"href":"https:\/\/www.naturosouffle.com\/index.php\/wp-json\/wp\/v2\/media?parent=2"}],"curies":[{"name":"wp","href":"https:\/\/api.w.org\/{rel}","templated":true}]}}